{"id":4701,"date":"2025-03-31T12:54:28","date_gmt":"2025-03-31T11:54:28","guid":{"rendered":"https:\/\/speedxperts.com\/?post_type=product&#038;p=4701"},"modified":"2026-03-21T14:58:30","modified_gmt":"2026-03-21T13:58:30","slug":"vgate-vlinker-bm-och-bm-for-bimmercode-och-bimmerlink-elm327-obd-verktyg","status":"publish","type":"product","link":"https:\/\/speedxperts.com\/sv\/product\/vgate-vlinker-bm-och-bm-for-bimmercode-och-bimmerlink-elm327-obd-verktyg\/","title":{"rendered":"VGate vLinker BM och BM+ f\u00f6r BimmerCode och BimmerLink ELM327 OBD-verktyg"},"content":{"rendered":"<h4>Obs! <strong>Version BM (BT 3.0) \u00e4r endast f\u00f6r Android! Version BM+ (BT 4.0) st\u00f6der b\u00e5de iOS och Android.<\/strong><\/h4>\n<h3><strong>Viktiga egenskaper:<\/strong><\/h3>\n<p>\u2714 <strong>Fullt kompatibel med BimmerCode och BimmerLink<\/strong> - Utf\u00f6r professionell BMW-diagnostik, kodning och justeringar.<br \/>\n\u2714 <strong>Universell OBD2-kompatibilitet<\/strong> - Arbetar med olika <strong>OBD-appar f\u00f6r Android och iOS<\/strong> med hj\u00e4lp av <strong>ELM327<\/strong> teknik.<br \/>\n\u2714 <strong>Alternativ f\u00f6r Bluetooth 4.0 och Bluetooth 3.0<\/strong> - Tillf\u00f6rlitlig och snabb anslutning f\u00f6r b\u00e5da <strong>iOS &amp; Android<\/strong> anv\u00e4ndare.<br \/>\n\u2714 <strong>St\u00f6djer flera fordonsprotokoll<\/strong> - Omslag <strong>99% av OBD2-bilar<\/strong>, inklusive BMW, MINI och allm\u00e4nna OBD2-fordon.<br \/>\n\u2714 <strong>L\u00e5g str\u00f6mf\u00f6rbrukning<\/strong> - G\u00e5r in <strong>automatiskt vilol\u00e4ge<\/strong> f\u00f6r att f\u00f6rhindra att batteriet laddas ur.<br \/>\n\u2714 <strong>Snabb databehandling<\/strong> - H\u00f6ghastighetskommunikation s\u00e4kerst\u00e4ller <strong>stabil<\/strong> och <strong>korrekt<\/strong> diagnostik.<\/p>\n<h3>Programvara ing\u00e5r inte!<\/h3>\n<hr \/>\n<h3><strong>Kompatibla BMW-modeller (F-serien &amp; G-serien)<\/strong><\/h3>\n<p><strong>Modeller i F-serien (2011-2020)<\/strong><\/p>\n<ul>\n<li><strong>1 serie<\/strong> - F20, F21<\/li>\n<li><strong>2 serier<\/strong> - F22, F23, F45 (Active Tourer), F46 (Gran Tourer), F87 (M2)<\/li>\n<li><strong>3 serier<\/strong> - F30, F31, F34, F35, F80 (M3)<\/li>\n<li><strong>4 serier<\/strong> - F32, F33, F36, F82 (M4), F83<\/li>\n<li><strong>5 serier<\/strong> - F07, F10, F11, F18, F90 (M5)<\/li>\n<li><strong>6 serier<\/strong> - F06, F12, F13<\/li>\n<li><strong>7 serier<\/strong> - F01, F02, F03, F04<\/li>\n<li><strong>X-serien<\/strong> - X1 (F48), X2 (F39), X3 (F25), X4 (F26), X5 (F15, F85), X6 (F16, F86)<\/li>\n<li><strong>Elektriska modeller<\/strong> - BMW i3, i8<\/li>\n<li><strong>MINI<\/strong> - F54, F55, F56, F57, F60<\/li>\n<\/ul>\n<p><strong>Modeller i G-serien (2016 till idag)<\/strong><\/p>\n<ul>\n<li><strong>3 serier<\/strong> - G20, G21<\/li>\n<li><strong>5 serier<\/strong> - G30, G31<\/li>\n<li><strong>7 serier<\/strong> - G11<\/li>\n<li><strong>X3\/X4<\/strong> - G01, G02<\/li>\n<\/ul>\n<hr \/>\n<h3><strong>Vad kan du g\u00f6ra med Vgate vLinker BM+?<\/strong><\/h3>\n<p>\ud83d\udd39 <strong>L\u00e4sa och rensa felkoder (DTC)<\/strong> - Diagnostisera problem och \u00e5terst\u00e4ll varningslampor.<br \/>\n\ud83d\udd39 <strong>\u00d6vervaka motordata i realtid<\/strong> - Se varvtal, temperatur, sp\u00e4nning, br\u00e4nsleekonomi och mycket mer.<br \/>\n\ud83d\udd39 <strong>Aktivera dolda BMW-funktioner<\/strong> - Anpassa din bils inst\u00e4llningar via BimmerCode.<br \/>\n\ud83d\udd39 <strong>\u00d6vervakning och underh\u00e5ll av batterier<\/strong> - Kontrollera batteristatus och f\u00f6rhindra fel.<br \/>\n\ud83d\udd39 <strong>Kompatibel med flera OBD2-appar<\/strong> - Arbetar med <strong>Torque, bilskanner, JScan, Dr. Prius, DashCommand<\/strong>och mycket mer.<br \/>\n\ud83d\udd39 <strong>Automatiskt vilol\u00e4ge<\/strong> - Sparar str\u00f6m n\u00e4r den inte anv\u00e4nds.<\/p>\n<hr \/>\n<h3><strong>OBD2-protokoll som st\u00f6ds<\/strong><\/h3>\n<p>\u2714 <strong>Standard OBDII 5 protokoll:<\/strong><\/p>\n<ul>\n<li>SAE J1850 VPW<\/li>\n<li>SAE J1850 PWM<\/li>\n<li>ISO 9141-2<\/li>\n<li>ISO 14230-4<\/li>\n<li>ISO 15765-4 BURK<\/li>\n<\/ul>\n<p>\u2714 <strong>Till\u00e4ggsprotokoll:<\/strong><\/p>\n<ul>\n<li>SAE J1939 CAN<\/li>\n<li>ISO 11898 (r\u00e5 CAN)<\/li>\n<li><strong>15 Protokoll f\u00f6r ELM-format<\/strong><\/li>\n<li><strong>23 STN format protokoll<\/strong><\/li>\n<li><strong>Upp till 64 anv\u00e4ndardefinierade protokoll<\/strong><\/li>\n<\/ul>\n<hr \/>\n<h3><strong>Paketet inneh\u00e5ller:<\/strong><\/h3>\n<p>\ud83d\udce6 <strong>1 x Vgate vLinker BM eller BM+ OBD2-adapter<\/strong><br \/>\n\ud83d\udce6 <strong>1 x Anv\u00e4ndarhandbok<\/strong><\/p>\n<p>\ud83d\udd27 <strong>Kompatibel med BimmerCode, BimmerLink, Torque, Car Scanner, JScan och m\u00e5nga fler!<\/strong><\/p>\n<p>\ud83d\ude97 <strong>Uppgradera din bildiagnostik med Vgate vLinker BM+ idag!<\/strong> \ud83d\ude97<\/p>\n<p>&nbsp;<\/p>","protected":false},"excerpt":{"rendered":"<p>Den <strong>Vgate vLinker BM &amp; BM+<\/strong> \u00e4r en h\u00f6gpresterande <strong>OBD2-adapter<\/strong> utformad f\u00f6r <strong>BMW F-serie &amp; G-serie fordon<\/strong>och erbjuder full kompatibilitet med <strong>BimmerCode, BimmerLink<\/strong>och m\u00e5nga andra OBD2-appar. Till skillnad fr\u00e5n traditionella adaptrar st\u00f6der den h\u00e4r enheten <strong>ELM327 funktioner<\/strong>vilket g\u00f6r att den kan arbeta med olika <strong>OBD-programvara f\u00f6r Android &amp; iOS<\/strong>, inklusive <strong>Torque, Car Scanner, JScan med flera<\/strong>.<\/p>","protected":false},"featured_media":4696,"comment_status":"open","ping_status":"closed","template":"","meta":{"_uag_custom_page_level_css":"","site-sidebar-layout":"default","site-content-layout":"","ast-site-content-layout":"default","site-content-style":"default","site-sidebar-style":"default","ast-global-header-display":"","ast-banner-title-visibility":"","ast-main-header-display":"","ast-hfb-above-header-display":"","ast-hfb-below-header-display":"","ast-hfb-mobile-header-display":"","site-post-title":"","ast-breadcrumbs-content":"","ast-featured-img":"","footer-sml-layout":"","theme-transparent-header-meta":"default","adv-header-id-meta":"","stick-header-meta":"","header-above-stick-meta":"","header-main-stick-meta":"","header-below-stick-meta":"","astra-migrate-meta-layouts":"set","ast-page-background-enabled":"default","ast-page-background-meta":{"desktop":{"background-color":"","background-image":"","background-repeat":"repeat","background-position":"center center","background-size":"auto","background-attachment":"scroll","background-type":"","background-media":"","overlay-type":"","overlay-color":"","overlay-opacity":"","overlay-gradient":""},"tablet":{"background-color":"","background-image":"","background-repeat":"repeat","background-position":"center center","background-size":"auto","background-attachment":"scroll","background-type":"","background-media":"","overlay-type":"","overlay-color":"","overlay-opacity":"","overlay-gradient":""},"mobile":{"background-color":"","background-image":"","background-repeat":"repeat","background-position":"center center","background-size":"auto","background-attachment":"scroll","background-type":"","background-media":"","overlay-type":"","overlay-color":"","overlay-opacity":"","overlay-gradient":""}},"ast-content-background-meta":{"desktop":{"background-color":"var(--ast-global-color-5)","background-image":"","background-repeat":"repeat","background-position":"center center","background-size":"auto","background-attachment":"scroll","background-type":"","background-media":"","overlay-type":"","overlay-color":"","overlay-opacity":"","overlay-gradient":""},"tablet":{"background-color":"var(--ast-global-color-5)","background-image":"","background-repeat":"repeat","background-position":"center center","background-size":"auto","background-attachment":"scroll","background-type":"","background-media":"","overlay-type":"","overlay-color":"","overlay-opacity":"","overlay-gradient":""},"mobile":{"background-color":"var(--ast-global-color-5)","background-image":"","background-repeat":"repeat","background-position":"center center","background-size":"auto","background-attachment":"scroll","background-type":"","background-media":"","overlay-type":"","overlay-color":"","overlay-opacity":"","overlay-gradient":""}}},"product_brand":[],"product_cat":[70],"product_tag":[],"class_list":{"0":"post-4701","1":"product","2":"type-product","3":"status-publish","4":"has-post-thumbnail","6":"product_cat-diagnostic-tools","7":"desktop-align-left","8":"tablet-align-left","9":"mobile-align-left","10":"ast-product-gallery-layout-horizontal-slider","11":"ast-product-single-variable","12":"ast-product-tabs-layout-horizontal","14":"first","15":"instock","16":"shipping-taxable","17":"purchasable","18":"product-type-variable"},"aioseo_notices":[],"uagb_featured_image_src":{"full":["https:\/\/speedxperts.com\/wp-content\/uploads\/2025\/03\/H4472293375ea48cfadecbd16e06a7147h.webp",1000,1000,false],"thumbnail":["https:\/\/speedxperts.com\/wp-content\/uploads\/2025\/03\/H4472293375ea48cfadecbd16e06a7147h-150x150.webp",150,150,true],"medium":["https:\/\/speedxperts.com\/wp-content\/uploads\/2025\/03\/H4472293375ea48cfadecbd16e06a7147h-300x300.webp",300,300,true],"medium_large":["https:\/\/speedxperts.com\/wp-content\/uploads\/2025\/03\/H4472293375ea48cfadecbd16e06a7147h-768x768.webp",768,768,true],"large":["https:\/\/speedxperts.com\/wp-content\/uploads\/2025\/03\/H4472293375ea48cfadecbd16e06a7147h.webp",1000,1000,false],"1536x1536":["https:\/\/speedxperts.com\/wp-content\/uploads\/2025\/03\/H4472293375ea48cfadecbd16e06a7147h.webp",1000,1000,false],"2048x2048":["https:\/\/speedxperts.com\/wp-content\/uploads\/2025\/03\/H4472293375ea48cfadecbd16e06a7147h.webp",1000,1000,false],"trp-custom-language-flag":["https:\/\/speedxperts.com\/wp-content\/uploads\/2025\/03\/H4472293375ea48cfadecbd16e06a7147h-12x12.webp",12,12,true],"woocommerce_thumbnail":["https:\/\/speedxperts.com\/wp-content\/uploads\/2025\/03\/H4472293375ea48cfadecbd16e06a7147h-300x300.webp",300,300,true],"woocommerce_single":["https:\/\/speedxperts.com\/wp-content\/uploads\/2025\/03\/H4472293375ea48cfadecbd16e06a7147h-600x600.webp",600,600,true],"woocommerce_gallery_thumbnail":["https:\/\/speedxperts.com\/wp-content\/uploads\/2025\/03\/H4472293375ea48cfadecbd16e06a7147h-100x100.webp",100,100,true]},"uagb_author_info":{"display_name":"Sebastian","author_link":"https:\/\/speedxperts.com\/sv\/author\/"},"uagb_comment_info":0,"uagb_excerpt":"The Vgate vLinker BM &amp; BM+ is a high-performance OBD2 adapter designed for BMW F-Series &amp; G-Series vehicles, offering full compatibility with BimmerCode, BimmerLink, and many other OBD2 apps. Unlike traditional adapters, this device supports ELM327 functions, allowing it to work with various OBD software for Android &amp; iOS, including Torque, Car Scanner, JScan, and&hellip;","jetpack_sharing_enabled":true,"_links":{"self":[{"href":"https:\/\/speedxperts.com\/sv\/wp-json\/wp\/v2\/product\/4701","targetHints":{"allow":["GET"]}}],"collection":[{"href":"https:\/\/speedxperts.com\/sv\/wp-json\/wp\/v2\/product"}],"about":[{"href":"https:\/\/speedxperts.com\/sv\/wp-json\/wp\/v2\/types\/product"}],"replies":[{"embeddable":true,"href":"https:\/\/speedxperts.com\/sv\/wp-json\/wp\/v2\/comments?post=4701"}],"wp:featuredmedia":[{"embeddable":true,"href":"https:\/\/speedxperts.com\/sv\/wp-json\/wp\/v2\/media\/4696"}],"wp:attachment":[{"href":"https:\/\/speedxperts.com\/sv\/wp-json\/wp\/v2\/media?parent=4701"}],"wp:term":[{"taxonomy":"product_brand","embeddable":true,"href":"https:\/\/speedxperts.com\/sv\/wp-json\/wp\/v2\/product_brand?post=4701"},{"taxonomy":"product_cat","embeddable":true,"href":"https:\/\/speedxperts.com\/sv\/wp-json\/wp\/v2\/product_cat?post=4701"},{"taxonomy":"product_tag","embeddable":true,"href":"https:\/\/speedxperts.com\/sv\/wp-json\/wp\/v2\/product_tag?post=4701"}],"curies":[{"name":"wp","href":"https:\/\/api.w.org\/{rel}","templated":true}]}}