{"id":4850,"date":"2025-05-07T14:25:58","date_gmt":"2025-05-07T13:25:58","guid":{"rendered":"https:\/\/speedxperts.com\/?post_type=product&#038;p=4850"},"modified":"2026-05-02T22:45:11","modified_gmt":"2026-05-02T21:45:11","slug":"opcom-v5-diagnosverktyg-for-opel","status":"publish","type":"product","link":"https:\/\/speedxperts.com\/sv\/product\/opcom-v5-diagnosverktyg-for-opel\/","title":{"rendered":"OPCOM diagnosverktyg f\u00f6r Opel"},"content":{"rendered":"<h3>\u2705 Viktiga funktioner - OPCOM PIC18F458 CAN-BUS OBD2 f\u00f6r Opel:<\/h3>\n<ul>\n<li>\ud83d\udd27 <strong>St\u00f6der Opel-fordon med CAN-BUS:<\/strong> Fungerar med de flesta Opel-modeller, inklusive Astra-H, Zafira-B, Vectra-C m.fl.<\/li>\n<li>\u2699\ufe0f <strong>Firmware version V1.70:<\/strong> Till\u00e5ter <strong>uppdateringar av firmware med flash<\/strong>, till skillnad fr\u00e5n V1.99-verktyg.<\/li>\n<li>\ud83d\udca1 <strong>Live Data Monitoring &amp; Output Testing:<\/strong> Se 8 parametrar samtidigt och testa fordonskomponenter i realtid.<\/li>\n<li>\ud83d\udee0\ufe0f <strong>Full OBD2-diagnosfunktioner:<\/strong> L\u00e4s\/klara felkoder med fullst\u00e4ndig status (n\u00e4rvarande, intermittent), visa m\u00e4tblock och utf\u00f6r avancerad diagnostik.<\/li>\n<li>\ud83d\udd10 <strong>Programmering av nyckel och startsp\u00e4rr:<\/strong> L\u00e4ra sig nycklar och fj\u00e4rrkontroller, \u00e5terst\u00e4lla startsp\u00e4rrar (ECM, BCM, IPC) och koda krockkuddar (SAB6, SAB8).<\/li>\n<li>\ud83d\udcbb <strong>Windows Kompatibilitet:<\/strong> B\u00e4sta prestanda p\u00e5 <strong>Windows XP\/7 32-bitars<\/strong>. Arbetar p\u00e5 <strong>Windows 10\/11<\/strong> med Windows Security avst\u00e4ngt.<\/li>\n<li>\ud83d\udeab <strong>Uppdatera inte online:<\/strong> Om du g\u00f6r det kommer gr\u00e4nssnittet att skadas.<\/li>\n<\/ul>\n<hr \/>\n<h3>\ud83e\udde0 Tekniska specifikationer:<\/h3>\n<ul>\n<li><strong>Programvaruversion:<\/strong> OPCOM 2021 (200603a), V2014, V2012<\/li>\n<li><strong>Firmware-version:<\/strong> V1.70<\/li>\n<li><strong>Huvudchips:<\/strong> FTDI FT232RL\/FT232RQ + PIC18F458<\/li>\n<li><strong>Programvara Spr\u00e5k:<\/strong> Engelska (2021); flerspr\u00e5kigt tillg\u00e4ngligt i 2010 \u00e5rs version<\/li>\n<li><strong>Protokoll som st\u00f6ds:<\/strong> ISO9141, KWP2000, CAN-BUS<\/li>\n<li><strong>Multiplexering av OBD-II-stift:<\/strong> PIN3, PIN7, PIN8, PIN12 f\u00f6r exakt kommunikation<\/li>\n<li><strong>Programvara 2021<\/strong> st\u00f6d f\u00f6r bilar 2011-2021<\/li>\n<\/ul>\n<hr \/>\n<h3>\ud83d\udca1 Ytterligare funktioner:<\/h3>\n<ul>\n<li>\u00c5terst\u00e4llning av serviceintervaller (Astra-G, Zafira, Corsa-C, Meriva)<\/li>\n<li>St\u00f6djer avancerade moduler: Motor, ABS, krockkudde, v\u00e4xell\u00e5da, instrumentkluster, karosseristyrning m.m.<\/li>\n<li>USB-baserat gr\u00e4nssnitt ger stabil kommunikation med h\u00f6g hastighet (500 kbps f\u00f6r CAN-BUS)<\/li>\n<li>Ingen omvandlare fr\u00e5n serie till USB beh\u00f6vs<\/li>\n<\/ul>\n<hr \/>\n<h3>\ud83d\udce6 Vad finns i l\u00e5dan:<\/h3>\n<ul>\n<li>1\u00d7 OPCOM diagnostiskt gr\u00e4nssnitt<\/li>\n<li>1\u00d7 USB-kabel<\/li>\n<li>1\u00d7 CD med drivrutiner och programvara<\/li>\n<\/ul>\n<hr \/>\n<h3>\ud83d\udce5 Programvara och support:<\/h3>\n<ul>\n<li>\ud83c\udf81 <strong>OPCOM 2021 programvara tillg\u00e4nglig<\/strong> - du kommer att f\u00e5 guiden och l\u00e4nken efter k\u00f6pet.<\/li>\n<li>\ud83c\udf9e\ufe0f Inkluderar <strong>Installationsvideo<\/strong> och fullst\u00e4ndig teknisk support<\/li>\n<li>\ud83d\udcc2 Drivrutiner tillhandah\u00e5lls; inaktivera Windows Security f\u00f6r installation p\u00e5 modernt operativsystem<\/li>\n<\/ul>","protected":false},"excerpt":{"rendered":"<p>OPCOM V5 \u00e4r ett professionellt OBD2-diagnosverktyg som \u00e4r s\u00e4rskilt utformat f\u00f6r Opel-fordon. Med V1.70 firmware, FTDI-chip och st\u00f6d f\u00f6r den senaste 2021-programvaran m\u00f6jligg\u00f6r den felkodsl\u00e4sning, ECU-programmering, live data\u00f6vervakning, nyckelprogrammering och mycket mer. Perfekt f\u00f6r b\u00e5de biltekniker och Opel-\u00e4gare som g\u00f6r det sj\u00e4lva.<\/p>","protected":false},"featured_media":4846,"comment_status":"open","ping_status":"closed","template":"","meta":{"_uag_custom_page_level_css":"","site-sidebar-layout":"default","site-content-layout":"","ast-site-content-layout":"default","site-content-style":"default","site-sidebar-style":"default","ast-global-header-display":"","ast-banner-title-visibility":"","ast-main-header-display":"","ast-hfb-above-header-display":"","ast-hfb-below-header-display":"","ast-hfb-mobile-header-display":"","site-post-title":"","ast-breadcrumbs-content":"","ast-featured-img":"","footer-sml-layout":"","ast-disable-related-posts":"","theme-transparent-header-meta":"default","adv-header-id-meta":"","stick-header-meta":"","header-above-stick-meta":"","header-main-stick-meta":"","header-below-stick-meta":"","astra-migrate-meta-layouts":"set","ast-page-background-enabled":"default","ast-page-background-meta":{"desktop":{"background-color":"","background-image":"","background-repeat":"repeat","background-position":"center center","background-size":"auto","background-attachment":"scroll","background-type":"","background-media":"","overlay-type":"","overlay-color":"","overlay-opacity":"","overlay-gradient":""},"tablet":{"background-color":"","background-image":"","background-repeat":"repeat","background-position":"center center","background-size":"auto","background-attachment":"scroll","background-type":"","background-media":"","overlay-type":"","overlay-color":"","overlay-opacity":"","overlay-gradient":""},"mobile":{"background-color":"","background-image":"","background-repeat":"repeat","background-position":"center center","background-size":"auto","background-attachment":"scroll","background-type":"","background-media":"","overlay-type":"","overlay-color":"","overlay-opacity":"","overlay-gradient":""}},"ast-content-background-meta":{"desktop":{"background-color":"var(--ast-global-color-5)","background-image":"","background-repeat":"repeat","background-position":"center center","background-size":"auto","background-attachment":"scroll","background-type":"","background-media":"","overlay-type":"","overlay-color":"","overlay-opacity":"","overlay-gradient":""},"tablet":{"background-color":"var(--ast-global-color-5)","background-image":"","background-repeat":"repeat","background-position":"center center","background-size":"auto","background-attachment":"scroll","background-type":"","background-media":"","overlay-type":"","overlay-color":"","overlay-opacity":"","overlay-gradient":""},"mobile":{"background-color":"var(--ast-global-color-5)","background-image":"","background-repeat":"repeat","background-position":"center center","background-size":"auto","background-attachment":"scroll","background-type":"","background-media":"","overlay-type":"","overlay-color":"","overlay-opacity":"","overlay-gradient":""}}},"product_brand":[],"product_cat":[70],"product_tag":[],"class_list":{"0":"post-4850","1":"product","2":"type-product","3":"status-publish","4":"has-post-thumbnail","6":"product_cat-diagnostic-tools","7":"desktop-align-left","8":"tablet-align-left","9":"mobile-align-left","10":"ast-product-gallery-layout-horizontal-slider","11":"ast-product-tabs-layout-horizontal","13":"first","14":"instock","15":"shipping-taxable","16":"purchasable","17":"product-type-simple"},"aioseo_notices":[],"uagb_featured_image_src":{"full":["https:\/\/speedxperts.com\/wp-content\/uploads\/2025\/05\/S948a979bdfca4516a0a06f61ce1ad36f2.webp",1000,1000,false],"thumbnail":["https:\/\/speedxperts.com\/wp-content\/uploads\/2025\/05\/S948a979bdfca4516a0a06f61ce1ad36f2-150x150.webp",150,150,true],"medium":["https:\/\/speedxperts.com\/wp-content\/uploads\/2025\/05\/S948a979bdfca4516a0a06f61ce1ad36f2-300x300.webp",300,300,true],"medium_large":["https:\/\/speedxperts.com\/wp-content\/uploads\/2025\/05\/S948a979bdfca4516a0a06f61ce1ad36f2-768x768.webp",768,768,true],"large":["https:\/\/speedxperts.com\/wp-content\/uploads\/2025\/05\/S948a979bdfca4516a0a06f61ce1ad36f2.webp",1000,1000,false],"1536x1536":["https:\/\/speedxperts.com\/wp-content\/uploads\/2025\/05\/S948a979bdfca4516a0a06f61ce1ad36f2.webp",1000,1000,false],"2048x2048":["https:\/\/speedxperts.com\/wp-content\/uploads\/2025\/05\/S948a979bdfca4516a0a06f61ce1ad36f2.webp",1000,1000,false],"trp-custom-language-flag":["https:\/\/speedxperts.com\/wp-content\/uploads\/2025\/05\/S948a979bdfca4516a0a06f61ce1ad36f2-12x12.webp",12,12,true],"woocommerce_thumbnail":["https:\/\/speedxperts.com\/wp-content\/uploads\/2025\/05\/S948a979bdfca4516a0a06f61ce1ad36f2-300x300.webp",300,300,true],"woocommerce_single":["https:\/\/speedxperts.com\/wp-content\/uploads\/2025\/05\/S948a979bdfca4516a0a06f61ce1ad36f2-600x600.webp",600,600,true],"woocommerce_gallery_thumbnail":["https:\/\/speedxperts.com\/wp-content\/uploads\/2025\/05\/S948a979bdfca4516a0a06f61ce1ad36f2-100x100.webp",100,100,true]},"uagb_author_info":{"display_name":"Sebastian","author_link":"https:\/\/speedxperts.com\/sv\/author\/"},"uagb_comment_info":0,"uagb_excerpt":"The OPCOM V5 is a professional OBD2 diagnostic tool designed specifically for Opel vehicles. Featuring V1.70 firmware, FTDI chip, and support for the latest 2021 software, it enables fault code reading, ECU programming, live data monitoring, key programming, and more. Ideal for both automotive technicians and DIY Opel owners.","jetpack_sharing_enabled":true,"_links":{"self":[{"href":"https:\/\/speedxperts.com\/sv\/wp-json\/wp\/v2\/product\/4850","targetHints":{"allow":["GET"]}}],"collection":[{"href":"https:\/\/speedxperts.com\/sv\/wp-json\/wp\/v2\/product"}],"about":[{"href":"https:\/\/speedxperts.com\/sv\/wp-json\/wp\/v2\/types\/product"}],"replies":[{"embeddable":true,"href":"https:\/\/speedxperts.com\/sv\/wp-json\/wp\/v2\/comments?post=4850"}],"wp:featuredmedia":[{"embeddable":true,"href":"https:\/\/speedxperts.com\/sv\/wp-json\/wp\/v2\/media\/4846"}],"wp:attachment":[{"href":"https:\/\/speedxperts.com\/sv\/wp-json\/wp\/v2\/media?parent=4850"}],"wp:term":[{"taxonomy":"product_brand","embeddable":true,"href":"https:\/\/speedxperts.com\/sv\/wp-json\/wp\/v2\/product_brand?post=4850"},{"taxonomy":"product_cat","embeddable":true,"href":"https:\/\/speedxperts.com\/sv\/wp-json\/wp\/v2\/product_cat?post=4850"},{"taxonomy":"product_tag","embeddable":true,"href":"https:\/\/speedxperts.com\/sv\/wp-json\/wp\/v2\/product_tag?post=4850"}],"curies":[{"name":"wp","href":"https:\/\/api.w.org\/{rel}","templated":true}]}}