{"id":4912,"date":"2025-05-13T08:13:11","date_gmt":"2025-05-13T07:13:11","guid":{"rendered":"https:\/\/speedxperts.com\/?post_type=product&#038;p=4912"},"modified":"2025-10-22T13:02:25","modified_gmt":"2025-10-22T12:02:25","slug":"vevor-5-tons-hydraulisk-bildomkraft-med-inbyggd-uppblasbar-pump","status":"publish","type":"product","link":"https:\/\/speedxperts.com\/sv\/product\/vevor-5-tons-hydraulisk-bildomkraft-med-inbyggd-uppblasbar-pump\/","title":{"rendered":"VEVOR Hydraulisk bildomkraft p\u00e5 5 ton, med inbyggd uppbl\u00e5sbar pump"},"content":{"rendered":"<h4>\u2705 Funktioner och detaljer<\/h4>\n<p><strong>\ud83d\udd0b Dubbla laddningsalternativ - Plug &amp; Go:<\/strong><br \/>\nAnv\u00e4nd din 12V-bil <strong>cigarett\u00e4ndaruttag<\/strong> eller anslut direkt till <strong>fordonsbatteri<\/strong>. Levereras med en <strong>4 m (13 ft) str\u00f6mkabel<\/strong>vilket ger dig enkel \u00e5tkomst till alla d\u00e4ck.<\/p>\n<p><strong>\ud83d\udee0\ufe0f Lyft upp till 5 ton utan anstr\u00e4ngning:<\/strong><\/p>\n<ul>\n<li>Lyftkapacitet: <strong>5,0 ton \/ 11.023 lbs<\/strong><\/li>\n<li>Lyftomr\u00e5de: <strong>155 - 450 mm (6,1\u2033 - 17,7\u2033)<\/strong><\/li>\n<li>Automatisk stoppfunktion n\u00e4r maxh\u00f6jden \u00e4r n\u00e5dd f\u00f6r \u00f6kad s\u00e4kerhet<br \/>\nPerfekt f\u00f6r sedans, SUV:ar, lastbilar och alla fordon i denna viktklass.<\/li>\n<\/ul>\n<p><strong>\u23f1\ufe0f Snabb och enkel anv\u00e4ndning:<\/strong><br \/>\nIngen mer manuell vevning. Lyft din bil p\u00e5 bara <strong>2 minuter<\/strong>! Perfekt f\u00f6r n\u00f6dsituationer vid v\u00e4gkanten eller hemma i garaget.<\/p>\n<p><strong>\ud83d\udca8 Inbyggd d\u00e4ckuppbl\u00e5sare med tryckm\u00e4tare:<\/strong><br \/>\nInneh\u00e5ller en <strong>d\u00e4ckpump<\/strong> med tryckvisning och f\u00f6rvaring av tillbeh\u00f6r (uppbl\u00e5sningsslang + munstycken) f\u00f6r snabb n\u00f6duppbl\u00e5sning. H\u00e5ll ordning p\u00e5 allt i de dolda sidofacken.<\/p>\n<p><strong>\ud83d\udd12 S\u00e4ker och stabil:<\/strong><\/p>\n<ul>\n<li>Halkskydd <strong>st\u00f6dhuvud f\u00f6r tv\u00e4rsp\u00e5r<\/strong><\/li>\n<li><strong>LED-lampa<\/strong> f\u00f6r anv\u00e4ndning nattetid<\/li>\n<li><strong>Hydrauliskt t\u00e4tningssystem<\/strong> f\u00f6r att f\u00f6rhindra oljel\u00e4ckage<\/li>\n<li><strong>Manuell s\u00e4nkningsventil<\/strong> i h\u00e4ndelse av str\u00f6mavbrott<\/li>\n<li>Inkluderar <strong>3 h\u00f6gkvalitativa s\u00e4kringar<\/strong> (T\u00dcV-certifierad)<\/li>\n<\/ul>\n<hr \/>\n<h4>\ud83d\udce6 Paketet inneh\u00e5ller:<\/h4>\n<ul>\n<li>1\u00d7 5-tons elektrisk biljack med d\u00e4ckuppbl\u00e5sare<\/li>\n<li>1\u00d7 str\u00f6mkabel (13 ft)<\/li>\n<li>1\u00d7 kabel f\u00f6r batterikl\u00e4mma<\/li>\n<li>3\u00d7 Reservs\u00e4kringar<\/li>\n<li>1\u00d7 Anv\u00e4ndarhandbok<\/li>\n<li>1\u00d7 Tillbeh\u00f6r f\u00f6r uppbl\u00e5sning (luftslang + munstycken)<\/li>\n<\/ul>\n<hr \/>\n<h4>\ud83e\uddf0 Hur man anv\u00e4nder:<\/h4>\n<ol>\n<li>Anslut till <strong>cigarett\u00e4ndare f\u00f6r bil<\/strong> eller anslut till <strong>fordonsbatteri<\/strong>.<\/li>\n<li>Placera domkraften under fordonet p\u00e5 ett <strong>plan yta<\/strong>.<\/li>\n<li>Tryck p\u00e5 lyftknappen och v\u00e4nta ca. <strong>2 minuter<\/strong>.<\/li>\n<li>F\u00f6r att pumpa upp ett d\u00e4ck, anslut slangen och \u00f6vervaka <strong>tryck i realtid<\/strong> p\u00e5 displayen.<\/li>\n<\/ol>","protected":false},"excerpt":{"rendered":"<p>Lyft och reparera ditt fordon n\u00e4r som helst och var som helst med denna kraftfulla 5-tons elektriska bildomkraft. Med en inbyggd d\u00e4ckuppbl\u00e5sare, dubbla laddningsalternativ och en h\u00f6gh\u00e5llfast design \u00e4r detta allt-i-ett n\u00f6dverktyg perfekt f\u00f6r sedaner, SUV:ar och lastbilar.<\/p>","protected":false},"featured_media":4905,"comment_status":"open","ping_status":"closed","template":"","meta":{"_uag_custom_page_level_css":"","site-sidebar-layout":"default","site-content-layout":"","ast-site-content-layout":"default","site-content-style":"default","site-sidebar-style":"default","ast-global-header-display":"","ast-banner-title-visibility":"","ast-main-header-display":"","ast-hfb-above-header-display":"","ast-hfb-below-header-display":"","ast-hfb-mobile-header-display":"","site-post-title":"","ast-breadcrumbs-content":"","ast-featured-img":"","footer-sml-layout":"","theme-transparent-header-meta":"default","adv-header-id-meta":"","stick-header-meta":"","header-above-stick-meta":"","header-main-stick-meta":"","header-below-stick-meta":"","astra-migrate-meta-layouts":"set","ast-page-background-enabled":"default","ast-page-background-meta":{"desktop":{"background-color":"","background-image":"","background-repeat":"repeat","background-position":"center center","background-size":"auto","background-attachment":"scroll","background-type":"","background-media":"","overlay-type":"","overlay-color":"","overlay-opacity":"","overlay-gradient":""},"tablet":{"background-color":"","background-image":"","background-repeat":"repeat","background-position":"center center","background-size":"auto","background-attachment":"scroll","background-type":"","background-media":"","overlay-type":"","overlay-color":"","overlay-opacity":"","overlay-gradient":""},"mobile":{"background-color":"","background-image":"","background-repeat":"repeat","background-position":"center center","background-size":"auto","background-attachment":"scroll","background-type":"","background-media":"","overlay-type":"","overlay-color":"","overlay-opacity":"","overlay-gradient":""}},"ast-content-background-meta":{"desktop":{"background-color":"var(--ast-global-color-5)","background-image":"","background-repeat":"repeat","background-position":"center center","background-size":"auto","background-attachment":"scroll","background-type":"","background-media":"","overlay-type":"","overlay-color":"","overlay-opacity":"","overlay-gradient":""},"tablet":{"background-color":"var(--ast-global-color-5)","background-image":"","background-repeat":"repeat","background-position":"center center","background-size":"auto","background-attachment":"scroll","background-type":"","background-media":"","overlay-type":"","overlay-color":"","overlay-opacity":"","overlay-gradient":""},"mobile":{"background-color":"var(--ast-global-color-5)","background-image":"","background-repeat":"repeat","background-position":"center center","background-size":"auto","background-attachment":"scroll","background-type":"","background-media":"","overlay-type":"","overlay-color":"","overlay-opacity":"","overlay-gradient":""}}},"product_brand":[],"product_cat":[226],"product_tag":[],"class_list":{"0":"post-4912","1":"product","2":"type-product","3":"status-publish","4":"has-post-thumbnail","6":"product_cat-electronics","7":"desktop-align-left","8":"tablet-align-left","9":"mobile-align-left","10":"ast-product-gallery-layout-horizontal-slider","11":"ast-product-single-variable","12":"ast-product-tabs-layout-horizontal","14":"first","15":"instock","16":"shipping-taxable","17":"purchasable","18":"product-type-variable"},"aioseo_notices":[],"uagb_featured_image_src":{"full":["https:\/\/speedxperts.com\/wp-content\/uploads\/2025\/05\/S04a5559ad314418590fe0a6d590b2bc4r.webp",1600,1600,false],"thumbnail":["https:\/\/speedxperts.com\/wp-content\/uploads\/2025\/05\/S04a5559ad314418590fe0a6d590b2bc4r-150x150.webp",150,150,true],"medium":["https:\/\/speedxperts.com\/wp-content\/uploads\/2025\/05\/S04a5559ad314418590fe0a6d590b2bc4r-300x300.webp",300,300,true],"medium_large":["https:\/\/speedxperts.com\/wp-content\/uploads\/2025\/05\/S04a5559ad314418590fe0a6d590b2bc4r-768x768.webp",768,768,true],"large":["https:\/\/speedxperts.com\/wp-content\/uploads\/2025\/05\/S04a5559ad314418590fe0a6d590b2bc4r-1024x1024.webp",1024,1024,true],"1536x1536":["https:\/\/speedxperts.com\/wp-content\/uploads\/2025\/05\/S04a5559ad314418590fe0a6d590b2bc4r-1536x1536.webp",1536,1536,true],"2048x2048":["https:\/\/speedxperts.com\/wp-content\/uploads\/2025\/05\/S04a5559ad314418590fe0a6d590b2bc4r.webp",1600,1600,false],"trp-custom-language-flag":["https:\/\/speedxperts.com\/wp-content\/uploads\/2025\/05\/S04a5559ad314418590fe0a6d590b2bc4r-12x12.webp",12,12,true],"woocommerce_thumbnail":["https:\/\/speedxperts.com\/wp-content\/uploads\/2025\/05\/S04a5559ad314418590fe0a6d590b2bc4r-300x300.webp",300,300,true],"woocommerce_single":["https:\/\/speedxperts.com\/wp-content\/uploads\/2025\/05\/S04a5559ad314418590fe0a6d590b2bc4r-600x600.webp",600,600,true],"woocommerce_gallery_thumbnail":["https:\/\/speedxperts.com\/wp-content\/uploads\/2025\/05\/S04a5559ad314418590fe0a6d590b2bc4r-100x100.webp",100,100,true]},"uagb_author_info":{"display_name":"Sebastian","author_link":"https:\/\/speedxperts.com\/sv\/author\/"},"uagb_comment_info":9,"uagb_excerpt":"Lift and repair your vehicle anytime, anywhere with this powerful 5-ton electric car jack. With a built-in tire inflator, dual charging options, and a high-strength design, this all-in-one emergency tool is perfect for sedans, SUVs, and trucks.","jetpack_sharing_enabled":true,"_links":{"self":[{"href":"https:\/\/speedxperts.com\/sv\/wp-json\/wp\/v2\/product\/4912","targetHints":{"allow":["GET"]}}],"collection":[{"href":"https:\/\/speedxperts.com\/sv\/wp-json\/wp\/v2\/product"}],"about":[{"href":"https:\/\/speedxperts.com\/sv\/wp-json\/wp\/v2\/types\/product"}],"replies":[{"embeddable":true,"href":"https:\/\/speedxperts.com\/sv\/wp-json\/wp\/v2\/comments?post=4912"}],"wp:featuredmedia":[{"embeddable":true,"href":"https:\/\/speedxperts.com\/sv\/wp-json\/wp\/v2\/media\/4905"}],"wp:attachment":[{"href":"https:\/\/speedxperts.com\/sv\/wp-json\/wp\/v2\/media?parent=4912"}],"wp:term":[{"taxonomy":"product_brand","embeddable":true,"href":"https:\/\/speedxperts.com\/sv\/wp-json\/wp\/v2\/product_brand?post=4912"},{"taxonomy":"product_cat","embeddable":true,"href":"https:\/\/speedxperts.com\/sv\/wp-json\/wp\/v2\/product_cat?post=4912"},{"taxonomy":"product_tag","embeddable":true,"href":"https:\/\/speedxperts.com\/sv\/wp-json\/wp\/v2\/product_tag?post=4912"}],"curies":[{"name":"wp","href":"https:\/\/api.w.org\/{rel}","templated":true}]}}