{"id":5249,"date":"2025-07-15T12:46:43","date_gmt":"2025-07-15T11:46:43","guid":{"rendered":"https:\/\/speedxperts.com\/?post_type=product&#038;p=5249"},"modified":"2025-09-27T09:11:57","modified_gmt":"2025-09-27T08:11:57","slug":"universal-12v-24v-relatestare-for-bilar","status":"publish","type":"product","link":"https:\/\/speedxperts.com\/sv\/product\/universal-12v-24v-relatestare-for-bilar\/","title":{"rendered":"Universal 12V\/24V rel\u00e4testare f\u00f6r bilar"},"content":{"rendered":"<p><strong>Universell 12V\/24V rel\u00e4testare f\u00f6r bilar: Ditt viktiga diagnosverktyg<\/strong><\/p>\n<p>Universal Automotive Relay Tester \u00e4r utformad f\u00f6r att hj\u00e4lpa dig att effektivt diagnostisera och testa bilrel\u00e4er, som \u00e4r avg\u00f6rande f\u00f6r driften av olika fordonssystem, inklusive lampor, vindrutetorkare, startmotorer, luftkonditionering och mycket mer. Detta tillf\u00f6rlitliga verktyg s\u00e4kerst\u00e4ller att dina rel\u00e4er fungerar korrekt, vilket f\u00f6rhindrar systemfel som kan leda till att fordonet inte fungerar.<\/p>\n<p><strong>Viktiga egenskaper:<\/strong><\/p>\n<ul>\n<li><strong>Omfattande testning av rel\u00e4er<\/strong>: Testaren ansluts direkt till bilbatteriet (11V-15V) f\u00f6r att kontrollera rel\u00e4spolen och bed\u00f6ma funktionen hos rel\u00e4kontakterna och s\u00e4kerst\u00e4lla att de fungerar korrekt.<\/li>\n<li><strong>LED-indikatorer<\/strong>: Testaren har tydliga LED-indikatorer - r\u00f6da f\u00f6r onormal drift och gr\u00f6na f\u00f6r normal drift - vilket m\u00f6jligg\u00f6r snabb visuell bekr\u00e4ftelse av rel\u00e4status.<\/li>\n<li><strong>Anv\u00e4ndarv\u00e4nlig drift<\/strong>: Testaren \u00e4r utformad f\u00f6r att vara enkel att anv\u00e4nda och g\u00f6r det m\u00f6jligt att v\u00e4lja mellan 4-poliga och 5-poliga rel\u00e4er, vilket g\u00f6r den m\u00e5ngsidig f\u00f6r olika fordonsapplikationer.<\/li>\n<li><strong>H\u00e5llbar och b\u00e4rbar<\/strong>: Denna testare \u00e4r tillverkad av h\u00f6gkvalitativa material och \u00e4r b\u00e5de h\u00e5llbar och l\u00e4tt att b\u00e4ra, vilket g\u00f6r den till ett praktiskt tillskott i mekanikerns verktygsl\u00e5da.<\/li>\n<li><strong>Detaljerad testprocess<\/strong>: Testaren utf\u00f6r en rad kontroller, inklusive kontaktens st\u00e4ngningstid och rel\u00e4ets tr\u00f6ghet, f\u00f6r att s\u00e4kerst\u00e4lla en omfattande utv\u00e4rdering av rel\u00e4ets prestanda.<\/li>\n<\/ul>\n<p><strong>S\u00e5 h\u00e4r anv\u00e4nder du verktyget<\/strong>:<\/p>\n<ol>\n<li>Anslut str\u00f6mkablarna till bilbatteriet: svart krokodilkl\u00e4mma till minuspolen och r\u00f6d krokodilkl\u00e4mma till pluspolen.<\/li>\n<li>Testapparaten startar och den r\u00f6da LED-lampan t\u00e4nds.<\/li>\n<li>V\u00e4lj l\u00e4mplig rel\u00e4typ (4-polig eller 5-polig) p\u00e5 testinstrumentet.<\/li>\n<li>Anslut rel\u00e4et till ett av de tre uttagen.<\/li>\n<li>Tryck p\u00e5 \"TEST\"-knappen f\u00f6r att p\u00e5b\u00f6rja utv\u00e4rderingen.<\/li>\n<li>Testaren kontrollerar stiftkonfigurationen och t\u00e4nder den r\u00f6da LED-lampan om rel\u00e4et \u00e4r onormalt.<\/li>\n<li>Rel\u00e4et \u00f6ppnas och st\u00e4ngs 10 g\u00e5nger, varvid tiden f\u00f6r kontaktst\u00e4ngning och kontakt\u00f6ppning m\u00e4ts.<\/li>\n<li>Den gr\u00f6na LED-lampan t\u00e4nds om rel\u00e4et klarar testet, annars indikerar den r\u00f6da LED-lampan ett fel.<\/li>\n<li>Koppla bort str\u00f6mkablarna och ta bort rel\u00e4et efter testning.<\/li>\n<\/ol>\n<hr \/>\n<p><strong>S\u00e4kerst\u00e4ll tillf\u00f6rlitligheten hos fordonets elektriska system med den universella 12V\/24V rel\u00e4testaren f\u00f6r bilar. Detta viktiga verktyg f\u00f6renklar diagnostiken av rel\u00e4er och hj\u00e4lper dig att uppr\u00e4tth\u00e5lla optimal prestanda och s\u00e4kerhet i fordonet.<\/strong><\/p>","protected":false},"excerpt":{"rendered":"<p>Vi presenterar Universal 12V\/24V Automotive Relay Tester, ett viktigt verktyg f\u00f6r att kontrollera funktionen hos rel\u00e4er i bilar. Med den h\u00e4r kompakta och h\u00e5llbara testaren kan du snabbt diagnostisera rel\u00e4problem i bilsystem och s\u00e4kerst\u00e4lla tillf\u00f6rlitlig drift av lampor, vindrutetorkare, startmotorer med mera. Med enkel anv\u00e4ndning och tydliga LED-indikatorer \u00e4r det ett viktigt tillbeh\u00f6r f\u00f6r alla biltekniker.<\/p>","protected":false},"featured_media":5244,"comment_status":"open","ping_status":"closed","template":"","meta":{"_uag_custom_page_level_css":"","site-sidebar-layout":"default","site-content-layout":"","ast-site-content-layout":"default","site-content-style":"default","site-sidebar-style":"default","ast-global-header-display":"","ast-banner-title-visibility":"","ast-main-header-display":"","ast-hfb-above-header-display":"","ast-hfb-below-header-display":"","ast-hfb-mobile-header-display":"","site-post-title":"","ast-breadcrumbs-content":"","ast-featured-img":"","footer-sml-layout":"","theme-transparent-header-meta":"default","adv-header-id-meta":"","stick-header-meta":"","header-above-stick-meta":"","header-main-stick-meta":"","header-below-stick-meta":"","astra-migrate-meta-layouts":"set","ast-page-background-enabled":"default","ast-page-background-meta":{"desktop":{"background-color":"","background-image":"","background-repeat":"repeat","background-position":"center center","background-size":"auto","background-attachment":"scroll","background-type":"","background-media":"","overlay-type":"","overlay-color":"","overlay-opacity":"","overlay-gradient":""},"tablet":{"background-color":"","background-image":"","background-repeat":"repeat","background-position":"center center","background-size":"auto","background-attachment":"scroll","background-type":"","background-media":"","overlay-type":"","overlay-color":"","overlay-opacity":"","overlay-gradient":""},"mobile":{"background-color":"","background-image":"","background-repeat":"repeat","background-position":"center center","background-size":"auto","background-attachment":"scroll","background-type":"","background-media":"","overlay-type":"","overlay-color":"","overlay-opacity":"","overlay-gradient":""}},"ast-content-background-meta":{"desktop":{"background-color":"var(--ast-global-color-5)","background-image":"","background-repeat":"repeat","background-position":"center center","background-size":"auto","background-attachment":"scroll","background-type":"","background-media":"","overlay-type":"","overlay-color":"","overlay-opacity":"","overlay-gradient":""},"tablet":{"background-color":"var(--ast-global-color-5)","background-image":"","background-repeat":"repeat","background-position":"center center","background-size":"auto","background-attachment":"scroll","background-type":"","background-media":"","overlay-type":"","overlay-color":"","overlay-opacity":"","overlay-gradient":""},"mobile":{"background-color":"var(--ast-global-color-5)","background-image":"","background-repeat":"repeat","background-position":"center center","background-size":"auto","background-attachment":"scroll","background-type":"","background-media":"","overlay-type":"","overlay-color":"","overlay-opacity":"","overlay-gradient":""}}},"product_brand":[],"product_cat":[226],"product_tag":[],"class_list":{"0":"post-5249","1":"product","2":"type-product","3":"status-publish","4":"has-post-thumbnail","6":"product_cat-electronics","7":"desktop-align-left","8":"tablet-align-left","9":"mobile-align-left","10":"ast-product-gallery-layout-horizontal-slider","11":"ast-product-tabs-layout-horizontal","13":"first","14":"instock","15":"shipping-taxable","16":"purchasable","17":"product-type-simple"},"aioseo_notices":[],"uagb_featured_image_src":{"full":["https:\/\/speedxperts.com\/wp-content\/uploads\/2025\/07\/Ae7d7668eade242e9950753096bdab93bl.webp",1000,1000,false],"thumbnail":["https:\/\/speedxperts.com\/wp-content\/uploads\/2025\/07\/Ae7d7668eade242e9950753096bdab93bl-150x150.webp",150,150,true],"medium":["https:\/\/speedxperts.com\/wp-content\/uploads\/2025\/07\/Ae7d7668eade242e9950753096bdab93bl-300x300.webp",300,300,true],"medium_large":["https:\/\/speedxperts.com\/wp-content\/uploads\/2025\/07\/Ae7d7668eade242e9950753096bdab93bl-768x768.webp",768,768,true],"large":["https:\/\/speedxperts.com\/wp-content\/uploads\/2025\/07\/Ae7d7668eade242e9950753096bdab93bl.webp",1000,1000,false],"1536x1536":["https:\/\/speedxperts.com\/wp-content\/uploads\/2025\/07\/Ae7d7668eade242e9950753096bdab93bl.webp",1000,1000,false],"2048x2048":["https:\/\/speedxperts.com\/wp-content\/uploads\/2025\/07\/Ae7d7668eade242e9950753096bdab93bl.webp",1000,1000,false],"trp-custom-language-flag":["https:\/\/speedxperts.com\/wp-content\/uploads\/2025\/07\/Ae7d7668eade242e9950753096bdab93bl-12x12.webp",12,12,true],"woocommerce_thumbnail":["https:\/\/speedxperts.com\/wp-content\/uploads\/2025\/07\/Ae7d7668eade242e9950753096bdab93bl-300x300.webp",300,300,true],"woocommerce_single":["https:\/\/speedxperts.com\/wp-content\/uploads\/2025\/07\/Ae7d7668eade242e9950753096bdab93bl-600x600.webp",600,600,true],"woocommerce_gallery_thumbnail":["https:\/\/speedxperts.com\/wp-content\/uploads\/2025\/07\/Ae7d7668eade242e9950753096bdab93bl-100x100.webp",100,100,true]},"uagb_author_info":{"display_name":"Sebastian","author_link":"https:\/\/speedxperts.com\/sv\/author\/"},"uagb_comment_info":0,"uagb_excerpt":"Introducing the Universal 12V\/24V Automotive Relay Tester, a vital tool for checking the functionality of automotive relays. This compact and durable tester allows you to quickly diagnose relay issues in car systems, ensuring reliable operation of lights, wipers, starters, and more. With easy operation and clear LED indicators, it\u2019s an essential accessory for any automotive&hellip;","jetpack_sharing_enabled":true,"_links":{"self":[{"href":"https:\/\/speedxperts.com\/sv\/wp-json\/wp\/v2\/product\/5249","targetHints":{"allow":["GET"]}}],"collection":[{"href":"https:\/\/speedxperts.com\/sv\/wp-json\/wp\/v2\/product"}],"about":[{"href":"https:\/\/speedxperts.com\/sv\/wp-json\/wp\/v2\/types\/product"}],"replies":[{"embeddable":true,"href":"https:\/\/speedxperts.com\/sv\/wp-json\/wp\/v2\/comments?post=5249"}],"wp:featuredmedia":[{"embeddable":true,"href":"https:\/\/speedxperts.com\/sv\/wp-json\/wp\/v2\/media\/5244"}],"wp:attachment":[{"href":"https:\/\/speedxperts.com\/sv\/wp-json\/wp\/v2\/media?parent=5249"}],"wp:term":[{"taxonomy":"product_brand","embeddable":true,"href":"https:\/\/speedxperts.com\/sv\/wp-json\/wp\/v2\/product_brand?post=5249"},{"taxonomy":"product_cat","embeddable":true,"href":"https:\/\/speedxperts.com\/sv\/wp-json\/wp\/v2\/product_cat?post=5249"},{"taxonomy":"product_tag","embeddable":true,"href":"https:\/\/speedxperts.com\/sv\/wp-json\/wp\/v2\/product_tag?post=5249"}],"curies":[{"name":"wp","href":"https:\/\/api.w.org\/{rel}","templated":true}]}}